{"id":7,"date":"2012-07-23T23:43:38","date_gmt":"2012-07-23T23:43:38","guid":{"rendered":"https:\/\/klarion.com.br\/?page_id=7"},"modified":"2024-06-11T19:50:03","modified_gmt":"2024-06-11T19:50:03","slug":"empresa","status":"publish","type":"page","link":"https:\/\/klarion.com.br\/?page_id=7","title":{"rendered":"Empresa"},"content":{"rendered":"<h5 style=\"text-align: center;\"><a href=\"https:\/\/klarion.com.br\/wp-content\/uploads\/2012\/07\/fabrica21.jpg\"><img loading=\"lazy\" decoding=\"async\" class=\"alignnone size-medium wp-image-45\" title=\"fabrica21\" src=\"https:\/\/klarion.com.br\/wp-content\/uploads\/2012\/07\/fabrica21-300x214.jpg\" alt=\"\" width=\"300\" height=\"214\" srcset=\"https:\/\/klarion.com.br\/wp-content\/uploads\/2012\/07\/fabrica21-300x214.jpg 300w, https:\/\/klarion.com.br\/wp-content\/uploads\/2012\/07\/fabrica21-53x38.jpg 53w, https:\/\/klarion.com.br\/wp-content\/uploads\/2012\/07\/fabrica21.jpg 828w\" sizes=\"auto, (max-width: 300px) 100vw, 300px\" \/><\/a><a href=\"https:\/\/klarion.com.br\/wp-content\/uploads\/2012\/07\/fabrica1.jpg\"><img loading=\"lazy\" decoding=\"async\" class=\"alignnone size-medium wp-image-46\" title=\"fabrica1\" src=\"https:\/\/klarion.com.br\/wp-content\/uploads\/2012\/07\/fabrica1-300x214.jpg\" alt=\"\" width=\"300\" height=\"214\" srcset=\"https:\/\/klarion.com.br\/wp-content\/uploads\/2012\/07\/fabrica1-300x214.jpg 300w, https:\/\/klarion.com.br\/wp-content\/uploads\/2012\/07\/fabrica1-53x38.jpg 53w, https:\/\/klarion.com.br\/wp-content\/uploads\/2012\/07\/fabrica1.jpg 827w\" sizes=\"auto, (max-width: 300px) 100vw, 300px\" \/><\/a><\/h5>\n<h4 style=\"text-align: center;\"><strong>Fundada em meados de 2007 por tr\u00eas jovens empreendedores movidos por<\/strong><br \/>\n<strong>um sonho e muita vontade de vencer deram in\u00edcio a Klarion Motocomponentes,<\/strong><br \/>\n<strong>empresa voltada \u00e1 industrializa\u00e7\u00e3o e comercializa\u00e7\u00e3o de pe\u00e7as e componentes<\/strong><br \/>\n<strong>para motocicletas em geral. Com sede na cidade de Valinhos interior de S\u00e3o Paulo<\/strong><br \/>\n<strong>a empresa conta com uma ampla f\u00e1brica com maquin\u00e1rios de ponta e funcion\u00e1rios<\/strong><br \/>\n<strong>treinados e motivados a trabalhar e vencer com a empresa.<\/strong><br \/>\n<strong>Todos os produtos colocados no mercado pela Klarion s\u00e3o de \u00f3tima qualidade, pois<\/strong><br \/>\n<strong>s\u00e3o produzidos com o que h\u00e1 de melhor em mat\u00e9ria-prima para sua fabrica\u00e7\u00e3o, sendo<\/strong><br \/>\n<strong>assim satisfazendo sempre seus clientes.<\/strong><br \/>\n<strong>A Klarion tem como vis\u00e3o a curto prazo de expandir sua linha de produtos, lan\u00e7ando<\/strong><br \/>\n<strong>sempre novos produtos e sermos reconhecidos em todo territ\u00f3rio nacional, a ser<\/strong><br \/>\n<strong>refer\u00eancia pela qualidade, excel\u00eancia dos produtos e pontualidade, garantindo a<\/strong><br \/>\n<strong>integridade, confiabilidade e satisfa\u00e7\u00e3o de nossos colaboradores.<\/strong><br \/>\n<strong>Nossa miss\u00e3o \u00e9 sempre oferecer produtos que satisfa\u00e7am \u00e1 necessidade de nossos<\/strong><br \/>\n<strong>clientes e consumidores buscando sempre a melhor efici\u00eancia.<\/strong><br \/>\n<strong> Klarion, o melhor em sua moto !<\/strong><\/h4>\n","protected":false},"excerpt":{"rendered":"<p>Fundada em meados de 2007 por tr\u00eas jovens empreendedores movidos por um sonho e muita vontade de vencer deram in\u00edcio a Klarion Motocomponentes, empresa voltada \u00e1 industrializa\u00e7\u00e3o e comercializa\u00e7\u00e3o de pe\u00e7as e componentes para motocicletas em geral. Com sede na cidade de Valinhos interior de S\u00e3o Paulo a empresa conta com uma ampla f\u00e1brica com [&hellip;]<\/p>\n","protected":false},"author":1,"featured_media":0,"parent":0,"menu_order":0,"comment_status":"closed","ping_status":"open","template":"full_width_page.php","meta":{"footnotes":""},"class_list":["post-7","page","type-page","status-publish","hentry"],"_links":{"self":[{"href":"https:\/\/klarion.com.br\/index.php?rest_route=\/wp\/v2\/pages\/7","targetHints":{"allow":["GET"]}}],"collection":[{"href":"https:\/\/klarion.com.br\/index.php?rest_route=\/wp\/v2\/pages"}],"about":[{"href":"https:\/\/klarion.com.br\/index.php?rest_route=\/wp\/v2\/types\/page"}],"author":[{"embeddable":true,"href":"https:\/\/klarion.com.br\/index.php?rest_route=\/wp\/v2\/users\/1"}],"replies":[{"embeddable":true,"href":"https:\/\/klarion.com.br\/index.php?rest_route=%2Fwp%2Fv2%2Fcomments&post=7"}],"version-history":[{"count":9,"href":"https:\/\/klarion.com.br\/index.php?rest_route=\/wp\/v2\/pages\/7\/revisions"}],"predecessor-version":[{"id":123,"href":"https:\/\/klarion.com.br\/index.php?rest_route=\/wp\/v2\/pages\/7\/revisions\/123"}],"wp:attachment":[{"href":"https:\/\/klarion.com.br\/index.php?rest_route=%2Fwp%2Fv2%2Fmedia&parent=7"}],"curies":[{"name":"wp","href":"https:\/\/api.w.org\/{rel}","templated":true}]}}